{"id":190,"date":"2016-09-18T10:13:37","date_gmt":"2016-09-18T08:13:37","guid":{"rendered":"http:\/\/werkstatt.fuelthemes.net\/?page_id=190"},"modified":"2026-02-06T23:18:03","modified_gmt":"2026-02-06T22:18:03","slug":"nosotros","status":"publish","type":"page","link":"https:\/\/meuskills.eu\/?page_id=190","title":{"rendered":"Sobre Nosotros"},"content":{"rendered":"<div class=\"wpb-content-wrapper\">[vc_row thb_full_width=\u00bbtrue\u00bb thb_divider_position=\u00bbbottom\u00bb css=\u00bb.vc_custom_1764936081708{margin-top: 150px !important;padding-top: 160px !important;padding-bottom: 160px !important;background-image: url(https:\/\/meuskills.eu\/wp-content\/uploads\/2025\/12\/nosotros.jpg?id=5675) !important;background-position: center !important;background-repeat: no-repeat !important;background-size: cover !important;}\u00bb bg_gradient1=\u00bb#000000D1&#8243; bg_gradient2=\u00bb#00000080&#8243;][vc_column][vc_column_text css=\u00bb\u00bb]\n<h1 style=\"text-align: center;\"><span style=\"color: #ffffff;\" data-darkreader-inline-color=\"\">SOBRE NOSOTROS<\/span><\/h1>\n[\/vc_column_text][\/vc_column][\/vc_row][vc_row thb_divider_position=\u00bbbottom\u00bb][vc_column][vc_empty_space height=\u00bb150px\u00bb][vc_column_text css=\u00bb.vc_custom_1770308382200{margin-top: -25px !important;}\u00bb]\n<p style=\"text-align: justify;\">MEUS (MarkEUt Skills) es una organizaci\u00f3n con sede en <strong>Valencia (Espa\u00f1a)<\/strong> creada en <strong>2016<\/strong>, dedicada al dise\u00f1o y ejecuci\u00f3n de proyectos de formaci\u00f3n orientados al desarrollo de competencias sociales y profesionales en todos los \u00e1mbitos de la vida, en contextos de formaci\u00f3n formal y no formal, como respuesta a los grandes desaf\u00edos sociales, ecol\u00f3gicos y tecnol\u00f3gicos de nuestro entorno actual.<\/p>\n<p style=\"text-align: justify;\">Trabajamos con <strong>universidades, centros de formaci\u00f3n profesional (FP), centros educativos, c\u00e1maras de comercio<\/strong>, entidades p\u00fablicas, empresas y organizaciones del \u00e1mbito social para acompa\u00f1ar procesos de aprendizaje y desarrollo de capacidades que verdaderamente importan hoy.<\/p>\n<p style=\"text-align: justify;\">Creamos <strong>itinerarios formativos, contenidos y recursos,<\/strong> dise\u00f1amos <strong>din\u00e1micas y metodolog\u00edas de aprendizaje<\/strong> y acompa\u00f1amos la <strong>puesta en pr\u00e1ctica<\/strong> a trav\u00e9s de pilotos, talleres y sesiones que pueden ser presenciales, online o mixtas, seg\u00fan las necesidades de cada contexto y cada colectivo.<\/p>\n<p style=\"text-align: justify;\">Nuestro enfoque combina temas como la <strong>sostenibilidad<\/strong>, las <strong>habilidades blandas<\/strong>, la <strong>empleabilidad<\/strong> y el <strong>emprendimiento<\/strong>, siempre adaptando el enfoque al p\u00fablico y al contexto, con especial atenci\u00f3n a la calidad de la formaci\u00f3n, la utilidad pr\u00e1ctica de lo aprendido y la transferencia real a la vida profesional y personal.<\/p>\n[\/vc_column_text][vc_empty_space height=\u00bb60px\u00bb][\/vc_column][\/vc_row][vc_row thb_divider_position=\u00bbbottom\u00bb css=\u00bb.vc_custom_1770310113966{background-color: #EAEAEA !important;}\u00bb][vc_column][vc_empty_space height=\u00bb60px\u00bb][vc_custom_heading text=\u00bbNUESTROS PILARES\u00bb use_theme_fonts=\u00bbyes\u00bb css=\u00bb\u00bb][vc_column_text css=\u00bb\u00bb]\n<p>En MEUS, cada proyecto que desarrollamos se apoya en una serie de principios que gu\u00edan nuestra forma de trabajar y tomar decisiones.<\/p>\n[\/vc_column_text][\/vc_column][\/vc_row][vc_row thb_divider_position=\u00bbbottom\u00bb css=\u00bb.vc_custom_1770310047596{border-top-width: 60px !important;border-bottom-width: 60px !important;background-color: #EAEAEA !important;}\u00bb][vc_column][vc_row_inner][vc_column_inner width=\u00bb1\/3&#8243; animation=\u00bbanimation bottom-to-top-3d\u00bb thb_border_radius=\u00bb6px\u00bb css=\u00bb.vc_custom_1770309340030{padding-top: 40px !important;padding-right: 40px !important;padding-bottom: 40px !important;padding-left: 40px !important;background-color: #000000 !important;}\u00bb]\t<div id=\"thb-iconbox-69f8a165dd5a3\" class=\"thb-iconbox top type1   text-left animation-off \" href=\"\" target=\"_self\" data-animation_speed=\"1.5\">\n\t\t\t\t\t\t<div class=\"iconbox-content\">\n\t\t\t\t\t\t\t<h5>CALIDAD EN LA FORMACI\u00d3N<\/h5>\t\t\t<div class=\"thb-iconbox-text\">\n\t\t\t\t<p>Cuidamos cada fase del proceso formativo: desde el dise\u00f1o de los contenidos y las metodolog\u00edas hasta la implementaci\u00f3n y la evaluaci\u00f3n. Apostamos por una formaci\u00f3n rigurosa, bien estructurada y adaptada a cada contexto.<\/p>\n\t\t\t<\/div>\n\t\t<\/div>\n\t\t\t\t\t\t<style>\n\t\t\t\t\t\t\t\t\t\t\t\t\t\t\t\t\t\t#thb-iconbox-69f8a165dd5a3.thb-iconbox .iconbox-content h5{\n\t\t\t\tcolor: #FFFFFF;\n\t\t\t}\n\t\t\t\t\t\t\t\t\t#thb-iconbox-69f8a165dd5a3.thb-iconbox .iconbox-content p,\n\t\t\t#thb-iconbox-69f8a165dd5a3.thb-iconbox .iconbox-content span {\n\t\t\t\tcolor: #FFFFFF;\n\t\t\t}\n\t\t\t\t\t\t\/* Hover *\/\n\t\t\t\t\t\t#thb-iconbox-69f8a165dd5a3.thb-iconbox:hover .iconbox-content h5 {\n\t\t\t\tcolor: #74E6FF;\n\t\t\t}\n\t\t\t\t\t\t\t\t\t\t\t<\/style>\n\t\t\t<\/div>\n\t[\/vc_column_inner][vc_column_inner width=\u00bb1\/3&#8243; animation=\u00bbanimation bottom-to-top-3d\u00bb thb_border_radius=\u00bb6px\u00bb css=\u00bb.vc_custom_1770309429788{padding-top: 40px !important;padding-right: 40px !important;padding-bottom: 40px !important;padding-left: 40px !important;background-color: #000000 !important;}\u00bb]\t<div id=\"thb-iconbox-69f8a165dd7b1\" class=\"thb-iconbox top type1   text-left animation-off \" href=\"\" target=\"_self\" data-animation_speed=\"1.5\">\n\t\t\t\t\t\t<div class=\"iconbox-content\">\n\t\t\t\t\t\t\t<h5>IMPACTO EN LAS PERSONAS<\/h5>\t\t\t<div class=\"thb-iconbox-text\">\n\t\t\t\t<p>Dise\u00f1amos proyectos con un enfoque pr\u00e1ctico y aplicado, buscando que el aprendizaje tenga un impacto real en las personas participantes, tanto a nivel personal como profesional.<\/p>\n\t\t\t<\/div>\n\t\t<\/div>\n\t\t\t\t\t\t<style>\n\t\t\t\t\t\t\t\t\t\t\t\t\t\t\t\t\t\t#thb-iconbox-69f8a165dd7b1.thb-iconbox .iconbox-content h5{\n\t\t\t\tcolor: #FFFFFF;\n\t\t\t}\n\t\t\t\t\t\t\t\t\t#thb-iconbox-69f8a165dd7b1.thb-iconbox .iconbox-content p,\n\t\t\t#thb-iconbox-69f8a165dd7b1.thb-iconbox .iconbox-content span {\n\t\t\t\tcolor: #FFFFFF;\n\t\t\t}\n\t\t\t\t\t\t\/* Hover *\/\n\t\t\t\t\t\t#thb-iconbox-69f8a165dd7b1.thb-iconbox:hover .iconbox-content h5 {\n\t\t\t\tcolor: #74E6FF;\n\t\t\t}\n\t\t\t\t\t\t\t\t\t\t\t<\/style>\n\t\t\t<\/div>\n\t[\/vc_column_inner][vc_column_inner width=\u00bb1\/3&#8243; animation=\u00bbanimation top-to-bottom-3d\u00bb thb_border_radius=\u00bb6px\u00bb css=\u00bb.vc_custom_1770309460149{padding-top: 40px !important;padding-right: 40px !important;padding-bottom: 40px !important;padding-left: 40px !important;background-color: #000000 !important;}\u00bb]\t<div id=\"thb-iconbox-69f8a165dd8a5\" class=\"thb-iconbox top type1   text-left animation-off \" href=\"\" target=\"_self\" data-animation_speed=\"1.5\">\n\t\t\t\t\t\t<div class=\"iconbox-content\">\n\t\t\t\t\t\t\t<h5>SOSTENIBILIDAD<\/h5>\t\t\t<div class=\"thb-iconbox-text\">\n\t\t\t\t<p>Integramos la sostenibilidad como un eje transversal en nuestros proyectos, abordando sus dimensiones ambiental, social y econ\u00f3mica, y promoviendo enfoques responsables y a largo plazo.<\/p>\n\t\t\t<\/div>\n\t\t<\/div>\n\t\t\t\t\t\t<style>\n\t\t\t\t\t\t\t\t\t\t\t\t\t\t\t\t\t\t#thb-iconbox-69f8a165dd8a5.thb-iconbox .iconbox-content h5{\n\t\t\t\tcolor: #FFFFFF;\n\t\t\t}\n\t\t\t\t\t\t\t\t\t#thb-iconbox-69f8a165dd8a5.thb-iconbox .iconbox-content p,\n\t\t\t#thb-iconbox-69f8a165dd8a5.thb-iconbox .iconbox-content span {\n\t\t\t\tcolor: #FFFFFF;\n\t\t\t}\n\t\t\t\t\t\t\/* Hover *\/\n\t\t\t\t\t\t#thb-iconbox-69f8a165dd8a5.thb-iconbox:hover .iconbox-content h5 {\n\t\t\t\tcolor: #74E6FF;\n\t\t\t}\n\t\t\t\t\t\t\t\t\t\t\t<\/style>\n\t\t\t<\/div>\n\t[\/vc_column_inner][\/vc_row_inner][vc_empty_space][\/vc_column][\/vc_row][vc_row thb_divider_position=\u00bbbottom\u00bb css=\u00bb.vc_custom_1770310124583{padding-bottom: 100px !important;background-color: #EAEAEA !important;}\u00bb][vc_column][vc_row_inner][vc_column_inner width=\u00bb1\/3&#8243; animation=\u00bbanimation bottom-to-top-3d\u00bb thb_border_radius=\u00bb6px\u00bb css=\u00bb.vc_custom_1770309340030{padding-top: 40px !important;padding-right: 40px !important;padding-bottom: 40px !important;padding-left: 40px !important;background-color: #000000 !important;}\u00bb]\t<div id=\"thb-iconbox-69f8a165dd960\" class=\"thb-iconbox top type1   text-left animation-off \" href=\"\" target=\"_self\" data-animation_speed=\"1.5\">\n\t\t\t\t\t\t<div class=\"iconbox-content\">\n\t\t\t\t\t\t\t<h5>PARTICIPACI\u00d3N E INCLUSI\u00d3N<\/h5>\t\t\t<div class=\"thb-iconbox-text\">\n\t\t\t\t<p>Fomentamos entornos de aprendizaje colaborativos, inclusivos y participativos, donde todas las personas puedan aportar y desarrollar su potencial.<\/p>\n\t\t\t<\/div>\n\t\t<\/div>\n\t\t\t\t\t\t<style>\n\t\t\t\t\t\t\t\t\t\t\t\t\t\t\t\t\t\t#thb-iconbox-69f8a165dd960.thb-iconbox .iconbox-content h5{\n\t\t\t\tcolor: #FFFFFF;\n\t\t\t}\n\t\t\t\t\t\t\t\t\t#thb-iconbox-69f8a165dd960.thb-iconbox .iconbox-content p,\n\t\t\t#thb-iconbox-69f8a165dd960.thb-iconbox .iconbox-content span {\n\t\t\t\tcolor: #FFFFFF;\n\t\t\t}\n\t\t\t\t\t\t\/* Hover *\/\n\t\t\t\t\t\t#thb-iconbox-69f8a165dd960.thb-iconbox:hover .iconbox-content h5 {\n\t\t\t\tcolor: #74E6FF;\n\t\t\t}\n\t\t\t\t\t\t\t\t\t\t\t<\/style>\n\t\t\t<\/div>\n\t[\/vc_column_inner][vc_column_inner width=\u00bb1\/3&#8243; animation=\u00bbanimation bottom-to-top-3d\u00bb thb_border_radius=\u00bb6px\u00bb css=\u00bb.vc_custom_1770309429788{padding-top: 40px !important;padding-right: 40px !important;padding-bottom: 40px !important;padding-left: 40px !important;background-color: #000000 !important;}\u00bb]\t<div id=\"thb-iconbox-69f8a165dda1a\" class=\"thb-iconbox top type1   text-left animation-off \" href=\"\" target=\"_self\" data-animation_speed=\"1.5\">\n\t\t\t\t\t\t<div class=\"iconbox-content\">\n\t\t\t\t\t\t\t<h5>INNOVACI\u00d3N CON SENTIDO<\/h5>\t\t\t<div class=\"thb-iconbox-text\">\n\t\t\t\t<p>Desarrollamos metodolog\u00edas y recursos formativos innovadores cuando aportan valor real al aprendizaje, combinando enfoques activos, herramientas digitales y aprendizaje experiencial.<\/p>\n\t\t\t<\/div>\n\t\t<\/div>\n\t\t\t\t\t\t<style>\n\t\t\t\t\t\t\t\t\t\t\t\t\t\t\t\t\t\t#thb-iconbox-69f8a165dda1a.thb-iconbox .iconbox-content h5{\n\t\t\t\tcolor: #FFFFFF;\n\t\t\t}\n\t\t\t\t\t\t\t\t\t#thb-iconbox-69f8a165dda1a.thb-iconbox .iconbox-content p,\n\t\t\t#thb-iconbox-69f8a165dda1a.thb-iconbox .iconbox-content span {\n\t\t\t\tcolor: #FFFFFF;\n\t\t\t}\n\t\t\t\t\t\t\/* Hover *\/\n\t\t\t\t\t\t#thb-iconbox-69f8a165dda1a.thb-iconbox:hover .iconbox-content h5 {\n\t\t\t\tcolor: #74E6FF;\n\t\t\t}\n\t\t\t\t\t\t\t\t\t\t\t<\/style>\n\t\t\t<\/div>\n\t[\/vc_column_inner][vc_column_inner width=\u00bb1\/3&#8243; animation=\u00bbanimation top-to-bottom-3d\u00bb thb_border_radius=\u00bb6px\u00bb css=\u00bb.vc_custom_1770309460149{padding-top: 40px !important;padding-right: 40px !important;padding-bottom: 40px !important;padding-left: 40px !important;background-color: #000000 !important;}\u00bb]\t<div id=\"thb-iconbox-69f8a165ddace\" class=\"thb-iconbox top type1   text-left animation-off \" href=\"\" target=\"_self\" data-animation_speed=\"1.5\">\n\t\t\t\t\t\t<div class=\"iconbox-content\">\n\t\t\t\t\t\t\t<h5>COLABORACI\u00d3N<\/h5>\t\t\t<div class=\"thb-iconbox-text\">\n\t\t\t\t<p>Trabajamos en red con organizaciones y profesionales diversos, convencidas de que la cooperaci\u00f3n mejora la calidad de los proyectos y ampl\u00eda su impacto.<\/p>\n\t\t\t<\/div>\n\t\t<\/div>\n\t\t\t\t\t\t<style>\n\t\t\t\t\t\t\t\t\t\t\t\t\t\t\t\t\t\t#thb-iconbox-69f8a165ddace.thb-iconbox .iconbox-content h5{\n\t\t\t\tcolor: #FFFFFF;\n\t\t\t}\n\t\t\t\t\t\t\t\t\t#thb-iconbox-69f8a165ddace.thb-iconbox .iconbox-content p,\n\t\t\t#thb-iconbox-69f8a165ddace.thb-iconbox .iconbox-content span {\n\t\t\t\tcolor: #FFFFFF;\n\t\t\t}\n\t\t\t\t\t\t\/* Hover *\/\n\t\t\t\t\t\t#thb-iconbox-69f8a165ddace.thb-iconbox:hover .iconbox-content h5 {\n\t\t\t\tcolor: #74E6FF;\n\t\t\t}\n\t\t\t\t\t\t\t\t\t\t\t<\/style>\n\t\t\t<\/div>\n\t[\/vc_column_inner][\/vc_row_inner][\/vc_column][\/vc_row][vc_row thb_divider_position=\u00bbbottom\u00bb][vc_column][vc_empty_space height=\u00bb60px\u00bb][vc_custom_heading text=\u00bbNUESTRO EQUIPO\u00bb use_theme_fonts=\u00bbyes\u00bb css=\u00bb\u00bb][vc_empty_space height=\u00bb60px\u00bb][vc_row_inner css=\u00bb.vc_custom_1770310259992{padding-bottom: 100px !important;}\u00bb][vc_column_inner width=\u00bb2\/3&#8243;][vc_column_text css=\u00bb.vc_custom_1770310241540{margin-top: -25px !important;}\u00bb]\n<p style=\"text-align: justify;\">Pilar y Cecile son las directoras de Meus , que a trav\u00e9s de su experiencia en m\u00e1s de 8 proyectos Europeos de Startup, gestionan esta organizaci\u00f3n que no ha parado de crecer junto a otros importantes partners y socios que realizan esta labor.<\/p>\n<p style=\"text-align: justify;\">MEUS nace de la colaboraci\u00f3n de dos profesionales con amplia experiencia en la gesti\u00f3n y desarrollo de proyectos de formaci\u00f3n, docencia, metodolog\u00edas educativas, emprendimiento y consultor\u00eda.<\/p>\n<p style=\"text-align: justify;\">Esta trayectoria nos permite abordar proyectos con una visi\u00f3n pr\u00e1ctica, flexible y orientada al impacto, trabajando de forma cercana con las organizaciones y las personas participantes.<\/p>\n<p style=\"text-align: justify;\">Trabajamos desde la cercan\u00eda, el conocimiento del terreno y la mejora continua, adapt\u00e1ndonos a cada proyecto y a cada organizaci\u00f3n.<\/p>\n[\/vc_column_text][\/vc_column_inner][vc_column_inner width=\u00bb1\/3&#8243;]\t<div id=\"thb-image-69f8a165ddbd1\" class=\"caption-style1  alignleft   thb_image_link wp-caption\">\n\t\t\t<div class=\"thb-image-inner size_100\">\n\t\t\t<img width=\"1200\" height=\"1600\" src=\"https:\/\/meuskills.eu\/wp-content\/uploads\/2026\/01\/MEUS-TEAM.jpeg\" class=\"thb_image  medium-shadow thb-ignore-lazyload attachment-full thb-lazyload lazyload\" alt=\"equipo\" loading=\"lazy\" title=\"MEUS TEAM\" sizes=\"(max-width: 1200px) 100vw, 1200px\" data-src=\"https:\/\/meuskills.eu\/wp-content\/uploads\/2026\/01\/MEUS-TEAM.jpeg\" data-sizes=\"auto\" data-srcset=\"https:\/\/meuskills.eu\/wp-content\/uploads\/2026\/01\/MEUS-TEAM.jpeg 1200w, https:\/\/meuskills.eu\/wp-content\/uploads\/2026\/01\/MEUS-TEAM-768x1024.jpeg 768w, https:\/\/meuskills.eu\/wp-content\/uploads\/2026\/01\/MEUS-TEAM-1152x1536.jpeg 1152w, https:\/\/meuskills.eu\/wp-content\/uploads\/2026\/01\/MEUS-TEAM-640x853.jpeg 640w, https:\/\/meuskills.eu\/wp-content\/uploads\/2026\/01\/MEUS-TEAM-320x427.jpeg 320w, https:\/\/meuskills.eu\/wp-content\/uploads\/2026\/01\/MEUS-TEAM-20x27.jpeg 20w\" \/>\n\t\t<\/div>\n\t\t\t\t\t\t<style>\n\t\t\t\t#thb-image-69f8a165ddbd1,\n\t\t\t\t#thb-image-69f8a165ddbd1 img {\n\t\t\t\t\tborder-radius: 6px;\n\t\t\t\t}\n\t\t<\/style>\n\t\t<\/div>\n\t[\/vc_column_inner][\/vc_row_inner][\/vc_column][\/vc_row]\n<\/div>","protected":false},"excerpt":{"rendered":"<p>[vc_row thb_full_width=\u00bbtrue\u00bb thb_divider_position=\u00bbbottom\u00bb css=\u00bb.vc_custom_1764936081708{margin-top: 150px !important;padding-top: 160px !important;padding-bottom: 160px !important;background-image: url(https:\/\/meuskills.eu\/wp-content\/uploads\/2025\/12\/nosotros.jpg?id=5675) !important;background-position: center !important;background-repeat: no-repeat !important;background-size: cover !important;}\u00bb bg_gradient1=\u00bb#000000D1&#8243; bg_gradient2=\u00bb#00000080&#8243;][vc_column][vc_column_text css=\u00bb\u00bb] SOBRE NOSOTROS [\/vc_column_text][\/vc_column][\/vc_row][vc_row thb_divider_position=\u00bbbottom\u00bb][vc_column][vc_empty_space height=\u00bb150px\u00bb][vc_column_text css=\u00bb.vc_custom_1770308382200{margin-top: -25px !important;}\u00bb] MEUS (MarkEUt Skills) es una organizaci\u00f3n con sede en Valencia (Espa\u00f1a) creada en 2016, dedicada al dise\u00f1o y ejecuci\u00f3n de proyectos de formaci\u00f3n orientados al desarrollo&hellip;<\/p>\n","protected":false},"author":4,"featured_media":0,"parent":0,"menu_order":0,"comment_status":"closed","ping_status":"closed","template":"","meta":[],"yoast_head":"<!-- This site is optimized with the Yoast SEO plugin v17.8 - https:\/\/yoast.com\/wordpress\/plugins\/seo\/ -->\n<title>Sobre Nosotros - MarkEUtSkills<\/title>\n<meta name=\"description\" content=\"Nos dedicamos al dise\u00f1o y ejecuci\u00f3n de proyectos de formaci\u00f3n orientados al desarrollo de competencias sociales y profesionales en todos los \u00e1mbitos de la vida\" \/>\n<meta name=\"robots\" content=\"index, follow, max-snippet:-1, max-image-preview:large, max-video-preview:-1\" \/>\n<link rel=\"canonical\" href=\"https:\/\/meuskills.eu\/?page_id=190\" \/>\n<meta property=\"og:locale\" content=\"es_ES\" \/>\n<meta property=\"og:type\" content=\"article\" \/>\n<meta property=\"og:title\" content=\"Sobre Nosotros - MarkEUtSkills\" \/>\n<meta property=\"og:description\" content=\"Nos dedicamos al dise\u00f1o y ejecuci\u00f3n de proyectos de formaci\u00f3n orientados al desarrollo de competencias sociales y profesionales en todos los \u00e1mbitos de la vida\" \/>\n<meta property=\"og:url\" content=\"https:\/\/meuskills.eu\/?page_id=190\" \/>\n<meta property=\"og:site_name\" content=\"MarkEUtSkills\" \/>\n<meta property=\"article:modified_time\" content=\"2026-02-06T22:18:03+00:00\" \/>\n<meta name=\"twitter:card\" content=\"summary_large_image\" \/>\n<meta name=\"twitter:label1\" content=\"Tiempo de lectura\" \/>\n\t<meta name=\"twitter:data1\" content=\"3 minutos\" \/>\n<script type=\"application\/ld+json\" class=\"yoast-schema-graph\">{\"@context\":\"https:\/\/schema.org\",\"@graph\":[{\"@type\":\"WebSite\",\"@id\":\"https:\/\/meuskills.eu\/#website\",\"url\":\"https:\/\/meuskills.eu\/\",\"name\":\"MarkEUtSkills\",\"description\":\"MEUS es una organizaci\\u00f3n destinada a mejorar las competencias de las personas en su entorno, tanto a nivel profesional como privado. Se centra en el desarrollo de las habilidades de los individuos en cada etapa de su vida, fomentando una econom\\u00eda sostenible.\",\"potentialAction\":[{\"@type\":\"SearchAction\",\"target\":{\"@type\":\"EntryPoint\",\"urlTemplate\":\"https:\/\/meuskills.eu\/?s={search_term_string}\"},\"query-input\":\"required name=search_term_string\"}],\"inLanguage\":\"es\"},{\"@type\":\"WebPage\",\"@id\":\"https:\/\/meuskills.eu\/?page_id=190#webpage\",\"url\":\"https:\/\/meuskills.eu\/?page_id=190\",\"name\":\"Sobre Nosotros - MarkEUtSkills\",\"isPartOf\":{\"@id\":\"https:\/\/meuskills.eu\/#website\"},\"datePublished\":\"2016-09-18T08:13:37+00:00\",\"dateModified\":\"2026-02-06T22:18:03+00:00\",\"description\":\"Nos dedicamos al dise\\u00f1o y ejecuci\\u00f3n de proyectos de formaci\\u00f3n orientados al desarrollo de competencias sociales y profesionales en todos los \\u00e1mbitos de la vida\",\"breadcrumb\":{\"@id\":\"https:\/\/meuskills.eu\/?page_id=190#breadcrumb\"},\"inLanguage\":\"es\",\"potentialAction\":[{\"@type\":\"ReadAction\",\"target\":[\"https:\/\/meuskills.eu\/?page_id=190\"]}]},{\"@type\":\"BreadcrumbList\",\"@id\":\"https:\/\/meuskills.eu\/?page_id=190#breadcrumb\",\"itemListElement\":[{\"@type\":\"ListItem\",\"position\":1,\"name\":\"Portada\",\"item\":\"https:\/\/meuskills.eu\/\"},{\"@type\":\"ListItem\",\"position\":2,\"name\":\"Sobre Nosotros\"}]}]}<\/script>\n<!-- \/ Yoast SEO plugin. -->","yoast_head_json":{"title":"Sobre Nosotros - MarkEUtSkills","description":"Nos dedicamos al dise\u00f1o y ejecuci\u00f3n de proyectos de formaci\u00f3n orientados al desarrollo de competencias sociales y profesionales en todos los \u00e1mbitos de la vida","robots":{"index":"index","follow":"follow","max-snippet":"max-snippet:-1","max-image-preview":"max-image-preview:large","max-video-preview":"max-video-preview:-1"},"canonical":"https:\/\/meuskills.eu\/?page_id=190","og_locale":"es_ES","og_type":"article","og_title":"Sobre Nosotros - MarkEUtSkills","og_description":"Nos dedicamos al dise\u00f1o y ejecuci\u00f3n de proyectos de formaci\u00f3n orientados al desarrollo de competencias sociales y profesionales en todos los \u00e1mbitos de la vida","og_url":"https:\/\/meuskills.eu\/?page_id=190","og_site_name":"MarkEUtSkills","article_modified_time":"2026-02-06T22:18:03+00:00","twitter_card":"summary_large_image","twitter_misc":{"Tiempo de lectura":"3 minutos"},"schema":{"@context":"https:\/\/schema.org","@graph":[{"@type":"WebSite","@id":"https:\/\/meuskills.eu\/#website","url":"https:\/\/meuskills.eu\/","name":"MarkEUtSkills","description":"MEUS es una organizaci\u00f3n destinada a mejorar las competencias de las personas en su entorno, tanto a nivel profesional como privado. Se centra en el desarrollo de las habilidades de los individuos en cada etapa de su vida, fomentando una econom\u00eda sostenible.","potentialAction":[{"@type":"SearchAction","target":{"@type":"EntryPoint","urlTemplate":"https:\/\/meuskills.eu\/?s={search_term_string}"},"query-input":"required name=search_term_string"}],"inLanguage":"es"},{"@type":"WebPage","@id":"https:\/\/meuskills.eu\/?page_id=190#webpage","url":"https:\/\/meuskills.eu\/?page_id=190","name":"Sobre Nosotros - MarkEUtSkills","isPartOf":{"@id":"https:\/\/meuskills.eu\/#website"},"datePublished":"2016-09-18T08:13:37+00:00","dateModified":"2026-02-06T22:18:03+00:00","description":"Nos dedicamos al dise\u00f1o y ejecuci\u00f3n de proyectos de formaci\u00f3n orientados al desarrollo de competencias sociales y profesionales en todos los \u00e1mbitos de la vida","breadcrumb":{"@id":"https:\/\/meuskills.eu\/?page_id=190#breadcrumb"},"inLanguage":"es","potentialAction":[{"@type":"ReadAction","target":["https:\/\/meuskills.eu\/?page_id=190"]}]},{"@type":"BreadcrumbList","@id":"https:\/\/meuskills.eu\/?page_id=190#breadcrumb","itemListElement":[{"@type":"ListItem","position":1,"name":"Portada","item":"https:\/\/meuskills.eu\/"},{"@type":"ListItem","position":2,"name":"Sobre Nosotros"}]}]}},"_links":{"self":[{"href":"https:\/\/meuskills.eu\/index.php?rest_route=\/wp\/v2\/pages\/190"}],"collection":[{"href":"https:\/\/meuskills.eu\/index.php?rest_route=\/wp\/v2\/pages"}],"about":[{"href":"https:\/\/meuskills.eu\/index.php?rest_route=\/wp\/v2\/types\/page"}],"author":[{"embeddable":true,"href":"https:\/\/meuskills.eu\/index.php?rest_route=\/wp\/v2\/users\/4"}],"replies":[{"embeddable":true,"href":"https:\/\/meuskills.eu\/index.php?rest_route=%2Fwp%2Fv2%2Fcomments&post=190"}],"version-history":[{"count":106,"href":"https:\/\/meuskills.eu\/index.php?rest_route=\/wp\/v2\/pages\/190\/revisions"}],"predecessor-version":[{"id":6108,"href":"https:\/\/meuskills.eu\/index.php?rest_route=\/wp\/v2\/pages\/190\/revisions\/6108"}],"wp:attachment":[{"href":"https:\/\/meuskills.eu\/index.php?rest_route=%2Fwp%2Fv2%2Fmedia&parent=190"}],"curies":[{"name":"wp","href":"https:\/\/api.w.org\/{rel}","templated":true}]}}