{"id":5749,"date":"2025-12-18T12:57:39","date_gmt":"2025-12-18T11:57:39","guid":{"rendered":"https:\/\/meuskills.eu\/?page_id=5749"},"modified":"2026-02-07T09:56:58","modified_gmt":"2026-02-07T08:56:58","slug":"politica-de-privacidad","status":"publish","type":"page","link":"https:\/\/meuskills.eu\/?page_id=5749","title":{"rendered":"Pol\u00edtica de privacidad"},"content":{"rendered":"<div class=\"wpb-content-wrapper\">[vc_row thb_full_width=\u00bbtrue\u00bb thb_divider_position=\u00bbbottom\u00bb css=\u00bb.vc_custom_1764609582303{margin-top: 150px !important;padding-top: 160px !important;padding-bottom: 160px !important;background-image: url(http:\/\/meuskills.eu\/wp-content\/uploads\/2020\/02\/contacto-scaled-e1580735537530.jpg?id=1301) !important;background-position: center !important;background-repeat: no-repeat !important;background-size: cover !important;}\u00bb thb_video_overlay_color=\u00bbrgba(10,10,10,0.8)\u00bb bg_gradient1=\u00bbrgba(0,0,0,0.81)\u00bb bg_gradient2=\u00bbrgba(0,0,0,0.48)\u00bb][vc_column][vc_column_text css=\u00bb\u00bb]\n<h1 style=\"text-align: center;\"><span style=\"color: #ffffff;\">POL\u00cdTICA DE PRIVACIDAD<\/span><\/h1>\n[\/vc_column_text][\/vc_column][\/vc_row][vc_row thb_divider_position=\u00bbbottom\u00bb el_class=\u00bbalign-center\u00bb css=\u00bb.vc_custom_1474474645883{padding-top: 10vh !important;padding-bottom: 10vh !important;}\u00bb][vc_column offset=\u00bbvc_col-lg-10 vc_col-md-12&#8243;][vc_column_text css=\u00bb\u00bb]\n<p style=\"text-align: justify;\">En Europa y en Espa\u00f1a existen normas de protecci\u00f3n de datos pensadas para proteger su informaci\u00f3n personal de obligado cumplimiento para nuestra entidad<\/p>\n<p style=\"text-align: justify;\">Por ello, es muy importante para nosotros que entienda perfectamente qu\u00e9 vamos a hacer con los datos personales que le pedimos.<\/p>\n<p style=\"text-align: justify;\">As\u00ed, seremos transparentes y le daremos el control de sus datos, con un lenguaje sencillo y opciones claras que le permitir\u00e1n decidir qu\u00e9 haremos con su informaci\u00f3n personal.<\/p>\n<p style=\"text-align: justify;\">Por favor, si una vez le\u00edda la presente informaci\u00f3n le queda alguna duda, no dude en preguntarnos.<\/p>\n<p style=\"text-align: justify;\">Muchas gracias por su colaboraci\u00f3n.<\/p>\n<p style=\"text-align: justify;\">&nbsp;<\/p>\n<p style=\"text-align: justify;\"><strong>\u00bfQui\u00e9nes somos?<\/strong><\/p>\n<p style=\"text-align: justify;\">Nuestra denominaci\u00f3n: MEUSKILLS, SL<\/p>\n<p style=\"text-align: justify;\">Nuestro CIF \/ NIF: B98880149<\/p>\n<p style=\"text-align: justify;\">Nuestra actividad principal: CONSULTOR\u00cdA DE GESTI\u00d3N EMPRESARIAL Y SERVICIOS DE FORMACI\u00d3N<\/p>\n<p style=\"text-align: justify;\">Nuestra direcci\u00f3n: Urbanizaci\u00f3n Tancat del Alter 29-5 Picassent, 46220<\/p>\n<p style=\"text-align: justify;\">Nuestro tel\u00e9fono de contacto: 661 96 16 46<\/p>\n<p style=\"text-align: justify;\">Nuestra direcci\u00f3n de correo electr\u00f3nico de contacto: info@meuskills.eu<\/p>\n<p style=\"text-align: justify;\">Nuestra p\u00e1gina web: www.meuskills.eu<\/p>\n<p style=\"text-align: justify;\">Estamos a su disposici\u00f3n, no dude en contactar con nosotros.<\/p>\n<p style=\"text-align: justify;\">&nbsp;<\/p>\n<p style=\"text-align: justify;\"><strong>\u00bfPara qu\u00e9 vamos a usar sus datos?<\/strong><\/p>\n<p style=\"text-align: justify;\">Con car\u00e1cter general, sus datos personales ser\u00e1n usados para poder relacionarnos con usted y poder prestarle nuestros servicios.<\/p>\n<p style=\"text-align: justify;\">Asimismo, tambi\u00e9n pueden ser usados para otras actividades, como enviarle publicidad o promocionar nuestras actividades.<\/p>\n<p style=\"text-align: justify;\">&nbsp;<\/p>\n<p style=\"text-align: justify;\"><strong>\u00bfPor qu\u00e9 necesitamos usar sus datos?<\/strong><\/p>\n<p style=\"text-align: justify;\">Sus datos personales son necesarios para poder relacionarnos con usted y poder prestarle nuestros servicios. En este sentido, pondremos a su disposici\u00f3n una serie de casillas que le permitir\u00e1n decidir de manera clara y sencilla sobre el uso de su informaci\u00f3n personal.<\/p>\n<p style=\"text-align: justify;\">&nbsp;<\/p>\n<p style=\"text-align: justify;\"><strong>\u00bfQui\u00e9n va a conocer la informaci\u00f3n que le pedimos?<\/strong><\/p>\n<p style=\"text-align: justify;\">Con car\u00e1cter general, s\u00f3lo el personal de nuestra entidad que est\u00e9 debidamente autorizado podr\u00e1 tener conocimiento de la informaci\u00f3n que le pedimos.<\/p>\n<p style=\"text-align: justify;\">De igual modo, podr\u00e1n tener conocimiento de su informaci\u00f3n personal aquellas entidades que necesiten tener acceso a la misma para que podamos prestarle nuestros servicios.<\/p>\n<p style=\"text-align: justify;\">As\u00ed por ejemplo, nuestro banco conocer\u00e1 sus datos si el pago de nuestros servicios se realiza mediante tarjeta o transferencia bancaria<\/p>\n<p style=\"text-align: justify;\">Asimismo, tendr\u00e1n conocimiento de su informaci\u00f3n aquellas entidades p\u00fablicas o privadas a las cuales estemos obligados a facilitar sus datos personales con motivo del cumplimiento de alguna ley. Poni\u00e9ndole un ejemplo, la Ley Tributaria obliga a facilitar a la Agencia Tributaria determinada informaci\u00f3n sobre operaciones econ\u00f3micas que superen una determinada cantidad.<\/p>\n<p style=\"text-align: justify;\">En el caso de que, al margen de los supuestos comentados, necesitemos dar a conocer su informaci\u00f3n personal a otras entidades, le solicitaremos previamente su permiso a trav\u00e9s de opciones claras que le permitir\u00e1n decidir a este respecto.<\/p>\n<p style=\"text-align: justify;\">&nbsp;<\/p>\n<p style=\"text-align: justify;\"><strong>\u00bfC\u00f3mo vamos a proteger sus datos?<\/strong><\/p>\n<p style=\"text-align: justify;\">Protegeremos sus datos con medidas de seguridad eficaces en funci\u00f3n de los riesgos que conlleve el uso de su informaci\u00f3n.<\/p>\n<p style=\"text-align: justify;\">Para ello, nuestra entidad ha aprobado una Pol\u00edtica de Protecci\u00f3n de Datos y se realizan controles y auditor\u00edas anuales para verificar que sus datos personales est\u00e1n seguros en todo momento.<\/p>\n<p style=\"text-align: justify;\">&nbsp;<\/p>\n<p style=\"text-align: justify;\"><strong>\u00bfEnviaremos sus datos a otros pa\u00edses?<\/strong><\/p>\n<p style=\"text-align: justify;\">En el mundo hay pa\u00edses que son seguros para sus datos y otros que no lo son tanto. As\u00ed por ejemplo, la Uni\u00f3n Europea es un entorno seguro para sus datos. Nuestra pol\u00edtica es no enviar su informaci\u00f3n personal a ning\u00fan pa\u00eds que no sea seguro desde el punto de vista de la protecci\u00f3n de sus datos.<\/p>\n<p style=\"text-align: justify;\">En el caso de que, con motivo de prestarle el servicio, sea imprescindible enviar sus datos a un pa\u00eds que no sea tan seguro como Espa\u00f1a, siempre le solicitaremos previamente su permiso y aplicaremos medidas de seguridad eficaces que reduzcan los riesgos del env\u00edo de su informaci\u00f3n personal a otro pa\u00eds.<\/p>\n<p style=\"text-align: justify;\">&nbsp;<\/p>\n<p style=\"text-align: justify;\"><strong>\u00bfDurante cu\u00e1nto tiempo vamos a conservar sus datos?<\/strong><\/p>\n<p style=\"text-align: justify;\">Conservaremos sus datos durante nuestra relaci\u00f3n y mientras nos obliguen las leyes. Una vez finalizados los plazos legales aplicables, procederemos a eliminarlos de forma segura y respetuosa con el medio ambiente.<\/p>\n<p style=\"text-align: justify;\">&nbsp;<\/p>\n<p style=\"text-align: justify;\"><strong>\u00bfCu\u00e1les son sus derechos de protecci\u00f3n de datos?<\/strong><\/p>\n<p style=\"text-align: justify;\">En cualquier momento puede dirigirse a nosotros para saber qu\u00e9 informaci\u00f3n tenemos sobre usted, rectificarla si fuese incorrecta y eliminarla una vez finalizada nuestra relaci\u00f3n, en el caso de que ello sea legalmente posible.<\/p>\n<p style=\"text-align: justify;\">Tambi\u00e9n tiene derecho a solicitar el traspaso de su informaci\u00f3n a otra entidad. Este derecho se llama \u201cportabilidad\u201d y puede ser \u00fatil en determinadas situaciones.<\/p>\n<p style=\"text-align: justify;\">Para solicitar alguno de estos derechos, deber\u00e1 realizar una solicitud escrita a nuestra direcci\u00f3n, junto con una fotocopia de su DNI, para poder identificarle.<\/p>\n<p style=\"text-align: justify;\">En las oficinas de nuestra entidad disponemos de formularios espec\u00edficos para solicitar dichos derechos y le ofrecemos nuestra ayuda para su cumplimentaci\u00f3n. Para saber m\u00e1s sobre sus derechos de protecci\u00f3n de datos, puede consultar la p\u00e1gina web de la Agencia Espa\u00f1ola de Protecci\u00f3n de Datos (www.agpd.es).<\/p>\n<p style=\"text-align: justify;\">&nbsp;<\/p>\n<p style=\"text-align: justify;\"><strong>\u00bfPuede retirar su consentimiento si cambia de opini\u00f3n en un momento posterior?<\/strong><\/p>\n<p style=\"text-align: justify;\">Usted puede retirar su consentimiento si cambia de opini\u00f3n sobre el uso de sus datos en cualquier momento.<\/p>\n<p style=\"text-align: justify;\">As\u00ed por ejemplo, si usted en su d\u00eda estuvo interesado\/a en recibir publicidad de nuestros productos o servicios, pero ya no desea recibir m\u00e1s publicidad, puede hac\u00e9rnoslo constar a trav\u00e9s del formulario de oposici\u00f3n al tratamiento disponible en las oficinas de nuestra entidad.<\/p>\n<p style=\"text-align: justify;\">En caso de que entienda que sus derechos han sido desatendidos, \u00bfd\u00f3nde puede formular una reclamaci\u00f3n?<\/p>\n<p style=\"text-align: justify;\">En caso de que entienda que sus derechos han sido desatendidos por nuestra entidad, puede formular una reclamaci\u00f3n en la Agencia Espa\u00f1ola de Protecci\u00f3n de Datos, a trav\u00e9s de alguno de los medios siguientes:<\/p>\n<p style=\"text-align: justify;\">Sede electr\u00f3nica: www.agpd.es<\/p>\n<p style=\"text-align: justify;\">Direcci\u00f3n postal: Agencia Espa\u00f1ola de Protecci\u00f3n de Datos C\/ Jorge Juan, 6 28001-Madrid<\/p>\n<p style=\"text-align: justify;\">V\u00eda telef\u00f3nica: Telf. 901 100 099 Telf. 91 266 35 17<\/p>\n<p style=\"text-align: justify;\">Formular una reclamaci\u00f3n en la Agencia Espa\u00f1ola de Protecci\u00f3n de Datos no conlleva ning\u00fan coste y no es necesaria la asistencia de abogado ni procurador.<\/p>\n<p style=\"text-align: justify;\">&nbsp;<\/p>\n<p style=\"text-align: justify;\"><strong>\u00bfElaboraremos perfiles sobre usted?<\/strong><\/p>\n<p style=\"text-align: justify;\">Nuestra pol\u00edtica es no elaborar perfiles sobre los usuarios de nuestros servicios.<\/p>\n<p style=\"text-align: justify;\">No obstante, pueden existir situaciones en las que, con fines de prestaci\u00f3n del servicio, comerciales o de otro tipo, necesitemos elaborar perfiles de informaci\u00f3n sobre usted. Un ejemplo pudiera ser la utilizaci\u00f3n de su historial de compras o servicios para poder ofrecerle productos o servicios adaptados a sus gustos o necesidades.<\/p>\n<p style=\"text-align: justify;\">En tal caso, aplicaremos medidas de seguridad eficaces que protejan su informaci\u00f3n en todo momento de personas no autorizadas que pretendan utilizarla en su propio beneficio.<\/p>\n<p style=\"text-align: justify;\">&nbsp;<\/p>\n<p style=\"text-align: justify;\"><strong>\u00bfUsaremos sus datos para otros fines?<\/strong><\/p>\n<p style=\"text-align: justify;\">Nuestra pol\u00edtica es no usar sus datos para otras finalidades distintas a las que le hemos explicado. Si, no obstante, necesit\u00e1semos usar sus datos para actividades distintas, siempre le solicitaremos previamente su permiso a trav\u00e9s de opciones claras que le permitir\u00e1n decidir al respecto.<\/p>\n[\/vc_column_text][\/vc_column][\/vc_row][vc_row thb_divider_position=\u00bbbottom\u00bb][vc_column][\/vc_column][\/vc_row]\n<\/div>","protected":false},"excerpt":{"rendered":"<p>[vc_row thb_full_width=\u00bbtrue\u00bb thb_divider_position=\u00bbbottom\u00bb css=\u00bb.vc_custom_1764609582303{margin-top: 150px !important;padding-top: 160px !important;padding-bottom: 160px !important;background-image: url(http:\/\/meuskills.eu\/wp-content\/uploads\/2020\/02\/contacto-scaled-e1580735537530.jpg?id=1301) !important;background-position: center !important;background-repeat: no-repeat !important;background-size: cover !important;}\u00bb thb_video_overlay_color=\u00bbrgba(10,10,10,0.8)\u00bb bg_gradient1=\u00bbrgba(0,0,0,0.81)\u00bb bg_gradient2=\u00bbrgba(0,0,0,0.48)\u00bb][vc_column][vc_column_text css=\u00bb\u00bb] POL\u00cdTICA DE PRIVACIDAD [\/vc_column_text][\/vc_column][\/vc_row][vc_row thb_divider_position=\u00bbbottom\u00bb el_class=\u00bbalign-center\u00bb css=\u00bb.vc_custom_1474474645883{padding-top: 10vh !important;padding-bottom: 10vh !important;}\u00bb][vc_column offset=\u00bbvc_col-lg-10 vc_col-md-12&#8243;][vc_column_text css=\u00bb\u00bb] En Europa y en Espa\u00f1a existen normas de protecci\u00f3n de datos pensadas para proteger su informaci\u00f3n personal de obligado&hellip;<\/p>\n","protected":false},"author":1,"featured_media":0,"parent":0,"menu_order":0,"comment_status":"closed","ping_status":"closed","template":"","meta":[],"yoast_head":"<!-- This site is optimized with the Yoast SEO plugin v17.8 - https:\/\/yoast.com\/wordpress\/plugins\/seo\/ -->\n<title>Pol\u00edtica de privacidad - MarkEUtSkills<\/title>\n<meta name=\"robots\" content=\"index, follow, max-snippet:-1, max-image-preview:large, max-video-preview:-1\" \/>\n<link rel=\"canonical\" href=\"https:\/\/meuskills.eu\/?page_id=5749\" \/>\n<meta property=\"og:locale\" content=\"es_ES\" \/>\n<meta property=\"og:type\" content=\"article\" \/>\n<meta property=\"og:title\" content=\"Pol\u00edtica de privacidad - MarkEUtSkills\" \/>\n<meta property=\"og:description\" content=\"[vc_row thb_full_width=\u00bbtrue\u00bb thb_divider_position=\u00bbbottom\u00bb css=\u00bb.vc_custom_1764609582303{margin-top: 150px !important;padding-top: 160px !important;padding-bottom: 160px !important;background-image: url(http:\/\/meuskills.eu\/wp-content\/uploads\/2020\/02\/contacto-scaled-e1580735537530.jpg?id=1301) !important;background-position: center !important;background-repeat: no-repeat !important;background-size: cover !important;}\u00bb thb_video_overlay_color=\u00bbrgba(10,10,10,0.8)\u00bb bg_gradient1=\u00bbrgba(0,0,0,0.81)\u00bb bg_gradient2=\u00bbrgba(0,0,0,0.48)\u00bb][vc_column][vc_column_text css=\u00bb\u00bb] POL\u00cdTICA DE PRIVACIDAD [\/vc_column_text][\/vc_column][\/vc_row][vc_row thb_divider_position=\u00bbbottom\u00bb el_class=\u00bbalign-center\u00bb css=\u00bb.vc_custom_1474474645883{padding-top: 10vh !important;padding-bottom: 10vh !important;}\u00bb][vc_column offset=\u00bbvc_col-lg-10 vc_col-md-12&#8243;][vc_column_text css=\u00bb\u00bb] En Europa y en Espa\u00f1a existen normas de protecci\u00f3n de datos pensadas para proteger su informaci\u00f3n personal de obligado&hellip;\" \/>\n<meta property=\"og:url\" content=\"https:\/\/meuskills.eu\/?page_id=5749\" \/>\n<meta property=\"og:site_name\" content=\"MarkEUtSkills\" \/>\n<meta property=\"article:modified_time\" content=\"2026-02-07T08:56:58+00:00\" \/>\n<meta name=\"twitter:card\" content=\"summary_large_image\" \/>\n<meta name=\"twitter:label1\" content=\"Tiempo de lectura\" \/>\n\t<meta name=\"twitter:data1\" content=\"7 minutos\" \/>\n<script type=\"application\/ld+json\" class=\"yoast-schema-graph\">{\"@context\":\"https:\/\/schema.org\",\"@graph\":[{\"@type\":\"WebSite\",\"@id\":\"https:\/\/meuskills.eu\/#website\",\"url\":\"https:\/\/meuskills.eu\/\",\"name\":\"MarkEUtSkills\",\"description\":\"MEUS es una organizaci\\u00f3n destinada a mejorar las competencias de las personas en su entorno, tanto a nivel profesional como privado. Se centra en el desarrollo de las habilidades de los individuos en cada etapa de su vida, fomentando una econom\\u00eda sostenible.\",\"potentialAction\":[{\"@type\":\"SearchAction\",\"target\":{\"@type\":\"EntryPoint\",\"urlTemplate\":\"https:\/\/meuskills.eu\/?s={search_term_string}\"},\"query-input\":\"required name=search_term_string\"}],\"inLanguage\":\"es\"},{\"@type\":\"WebPage\",\"@id\":\"https:\/\/meuskills.eu\/?page_id=5749#webpage\",\"url\":\"https:\/\/meuskills.eu\/?page_id=5749\",\"name\":\"Pol\\u00edtica de privacidad - MarkEUtSkills\",\"isPartOf\":{\"@id\":\"https:\/\/meuskills.eu\/#website\"},\"datePublished\":\"2025-12-18T11:57:39+00:00\",\"dateModified\":\"2026-02-07T08:56:58+00:00\",\"breadcrumb\":{\"@id\":\"https:\/\/meuskills.eu\/?page_id=5749#breadcrumb\"},\"inLanguage\":\"es\",\"potentialAction\":[{\"@type\":\"ReadAction\",\"target\":[\"https:\/\/meuskills.eu\/?page_id=5749\"]}]},{\"@type\":\"BreadcrumbList\",\"@id\":\"https:\/\/meuskills.eu\/?page_id=5749#breadcrumb\",\"itemListElement\":[{\"@type\":\"ListItem\",\"position\":1,\"name\":\"Portada\",\"item\":\"https:\/\/meuskills.eu\/\"},{\"@type\":\"ListItem\",\"position\":2,\"name\":\"Pol\\u00edtica de privacidad\"}]}]}<\/script>\n<!-- \/ Yoast SEO plugin. -->","yoast_head_json":{"title":"Pol\u00edtica de privacidad - MarkEUtSkills","robots":{"index":"index","follow":"follow","max-snippet":"max-snippet:-1","max-image-preview":"max-image-preview:large","max-video-preview":"max-video-preview:-1"},"canonical":"https:\/\/meuskills.eu\/?page_id=5749","og_locale":"es_ES","og_type":"article","og_title":"Pol\u00edtica de privacidad - MarkEUtSkills","og_description":"[vc_row thb_full_width=\u00bbtrue\u00bb thb_divider_position=\u00bbbottom\u00bb css=\u00bb.vc_custom_1764609582303{margin-top: 150px !important;padding-top: 160px !important;padding-bottom: 160px !important;background-image: url(http:\/\/meuskills.eu\/wp-content\/uploads\/2020\/02\/contacto-scaled-e1580735537530.jpg?id=1301) !important;background-position: center !important;background-repeat: no-repeat !important;background-size: cover !important;}\u00bb thb_video_overlay_color=\u00bbrgba(10,10,10,0.8)\u00bb bg_gradient1=\u00bbrgba(0,0,0,0.81)\u00bb bg_gradient2=\u00bbrgba(0,0,0,0.48)\u00bb][vc_column][vc_column_text css=\u00bb\u00bb] POL\u00cdTICA DE PRIVACIDAD [\/vc_column_text][\/vc_column][\/vc_row][vc_row thb_divider_position=\u00bbbottom\u00bb el_class=\u00bbalign-center\u00bb css=\u00bb.vc_custom_1474474645883{padding-top: 10vh !important;padding-bottom: 10vh !important;}\u00bb][vc_column offset=\u00bbvc_col-lg-10 vc_col-md-12&#8243;][vc_column_text css=\u00bb\u00bb] En Europa y en Espa\u00f1a existen normas de protecci\u00f3n de datos pensadas para proteger su informaci\u00f3n personal de obligado&hellip;","og_url":"https:\/\/meuskills.eu\/?page_id=5749","og_site_name":"MarkEUtSkills","article_modified_time":"2026-02-07T08:56:58+00:00","twitter_card":"summary_large_image","twitter_misc":{"Tiempo de lectura":"7 minutos"},"schema":{"@context":"https:\/\/schema.org","@graph":[{"@type":"WebSite","@id":"https:\/\/meuskills.eu\/#website","url":"https:\/\/meuskills.eu\/","name":"MarkEUtSkills","description":"MEUS es una organizaci\u00f3n destinada a mejorar las competencias de las personas en su entorno, tanto a nivel profesional como privado. Se centra en el desarrollo de las habilidades de los individuos en cada etapa de su vida, fomentando una econom\u00eda sostenible.","potentialAction":[{"@type":"SearchAction","target":{"@type":"EntryPoint","urlTemplate":"https:\/\/meuskills.eu\/?s={search_term_string}"},"query-input":"required name=search_term_string"}],"inLanguage":"es"},{"@type":"WebPage","@id":"https:\/\/meuskills.eu\/?page_id=5749#webpage","url":"https:\/\/meuskills.eu\/?page_id=5749","name":"Pol\u00edtica de privacidad - MarkEUtSkills","isPartOf":{"@id":"https:\/\/meuskills.eu\/#website"},"datePublished":"2025-12-18T11:57:39+00:00","dateModified":"2026-02-07T08:56:58+00:00","breadcrumb":{"@id":"https:\/\/meuskills.eu\/?page_id=5749#breadcrumb"},"inLanguage":"es","potentialAction":[{"@type":"ReadAction","target":["https:\/\/meuskills.eu\/?page_id=5749"]}]},{"@type":"BreadcrumbList","@id":"https:\/\/meuskills.eu\/?page_id=5749#breadcrumb","itemListElement":[{"@type":"ListItem","position":1,"name":"Portada","item":"https:\/\/meuskills.eu\/"},{"@type":"ListItem","position":2,"name":"Pol\u00edtica de privacidad"}]}]}},"_links":{"self":[{"href":"https:\/\/meuskills.eu\/index.php?rest_route=\/wp\/v2\/pages\/5749"}],"collection":[{"href":"https:\/\/meuskills.eu\/index.php?rest_route=\/wp\/v2\/pages"}],"about":[{"href":"https:\/\/meuskills.eu\/index.php?rest_route=\/wp\/v2\/types\/page"}],"author":[{"embeddable":true,"href":"https:\/\/meuskills.eu\/index.php?rest_route=\/wp\/v2\/users\/1"}],"replies":[{"embeddable":true,"href":"https:\/\/meuskills.eu\/index.php?rest_route=%2Fwp%2Fv2%2Fcomments&post=5749"}],"version-history":[{"count":4,"href":"https:\/\/meuskills.eu\/index.php?rest_route=\/wp\/v2\/pages\/5749\/revisions"}],"predecessor-version":[{"id":6112,"href":"https:\/\/meuskills.eu\/index.php?rest_route=\/wp\/v2\/pages\/5749\/revisions\/6112"}],"wp:attachment":[{"href":"https:\/\/meuskills.eu\/index.php?rest_route=%2Fwp%2Fv2%2Fmedia&parent=5749"}],"curies":[{"name":"wp","href":"https:\/\/api.w.org\/{rel}","templated":true}]}}