{"id":5752,"date":"2025-12-18T13:06:07","date_gmt":"2025-12-18T12:06:07","guid":{"rendered":"https:\/\/meuskills.eu\/?page_id=5752"},"modified":"2026-02-07T10:01:46","modified_gmt":"2026-02-07T09:01:46","slug":"politica-de-cookies","status":"publish","type":"page","link":"https:\/\/meuskills.eu\/?page_id=5752","title":{"rendered":"Pol\u00edtica de cookies"},"content":{"rendered":"<div class=\"wpb-content-wrapper\">[vc_row thb_full_width=\u00bbtrue\u00bb thb_divider_position=\u00bbbottom\u00bb css=\u00bb.vc_custom_1764609582303{margin-top: 150px !important;padding-top: 160px !important;padding-bottom: 160px !important;background-image: url(http:\/\/meuskills.eu\/wp-content\/uploads\/2020\/02\/contacto-scaled-e1580735537530.jpg?id=1301) !important;background-position: center !important;background-repeat: no-repeat !important;background-size: cover !important;}\u00bb thb_video_overlay_color=\u00bbrgba(10,10,10,0.8)\u00bb bg_gradient1=\u00bbrgba(0,0,0,0.81)\u00bb bg_gradient2=\u00bbrgba(0,0,0,0.48)\u00bb][vc_column][vc_column_text css=\u00bb\u00bb]\n<h1 style=\"text-align: center;\"><span style=\"color: #ffffff;\">POL\u00cdTICA DE COOKIES<\/span><\/h1>\n[\/vc_column_text][\/vc_column][\/vc_row][vc_row thb_divider_position=\u00bbbottom\u00bb el_class=\u00bbalign-center\u00bb css=\u00bb.vc_custom_1474474645883{padding-top: 10vh !important;padding-bottom: 10vh !important;}\u00bb][vc_column offset=\u00bbvc_col-lg-10 vc_col-md-12&#8243;][vc_column_text css=\u00bb\u00bb]1. \u00bfQu\u00e9 son las cookies?<\/p>\n<p>Las cookies son peque\u00f1os archivos de texto que se almacenan en el dispositivo del usuario cuando visita un sitio web. Sirven para garantizar el correcto funcionamiento del sitio, mejorar la experiencia de navegaci\u00f3n y, en algunos casos, obtener informaci\u00f3n estad\u00edstica sobre el uso de la web.<\/p>\n<p>2. Tipos de cookies utilizadas en este sitio web<\/p>\n<p>El sitio web https:\/\/meuskills.eu\/<br \/>\nutiliza las siguientes categor\u00edas de cookies:<\/p>\n<p>\ud83d\udd39 Cookies t\u00e9cnicas o necesarias<\/p>\n<p>Son cookies imprescindibles para el funcionamiento del sitio web y para permitir la navegaci\u00f3n y el uso de sus diferentes opciones o servicios.<\/p>\n<p>Estas cookies no requieren el consentimiento del usuario.<\/p>\n<p>\ud83d\udd39 Cookies de an\u00e1lisis o estad\u00edsticas (previo consentimiento)<\/p>\n<p>Estas cookies permiten cuantificar el n\u00famero de usuarios y analizar de forma estad\u00edstica la utilizaci\u00f3n que hacen los usuarios del sitio web.<\/p>\n<p>Se utilizan con la finalidad de mejorar el contenido, los servicios ofrecidos y la experiencia de usuario.<\/p>\n<p>Ejemplo de servicios que pueden utilizar este tipo de cookies:<\/p>\n<p>Google Analytics<\/p>\n<p>Estas cookies solo se instalan si el usuario las acepta expl\u00edcitamente.<\/p>\n<p>\ud83d\udd39 Cookies de terceros<\/p>\n<p>Este sitio web puede utilizar servicios de terceros que, por cuenta de meuskills.eu, recopilan informaci\u00f3n con fines estad\u00edsticos o t\u00e9cnicos.<\/p>\n<p>En todo caso, dichas cookies estar\u00e1n bloqueadas por defecto hasta que el usuario otorgue su consentimiento a trav\u00e9s del banner de cookies.<\/p>\n<p>3. Gesti\u00f3n y configuraci\u00f3n de cookies<\/p>\n<p>Al acceder por primera vez a este sitio web, el usuario ver\u00e1 un banner de cookies que le permitir\u00e1:<\/p>\n<p>Aceptar todas las cookies<\/p>\n<p>Rechazar las cookies no necesarias<\/p>\n<p>Configurar las cookies por categor\u00edas<\/p>\n<p>El usuario puede modificar o retirar su consentimiento en cualquier momento a trav\u00e9s del panel de configuraci\u00f3n de cookies disponible en el sitio web.<\/p>\n<p>4. C\u00f3mo desactivar las cookies desde el navegador<\/p>\n<p>Adem\u00e1s de la configuraci\u00f3n del panel de cookies, el usuario puede permitir, bloquear o eliminar las cookies instaladas en su equipo mediante la configuraci\u00f3n de las opciones del navegador utilizado.<\/p>\n<p>A continuaci\u00f3n se facilitan enlaces a la informaci\u00f3n sobre c\u00f3mo gestionar las cookies en los principales navegadores:<\/p>\n<p>Google Chrome: https:\/\/support.google.com\/chrome\/answer\/95647<\/p>\n<p>Mozilla Firefox: https:\/\/support.mozilla.org\/es\/kb\/habilitar-y-deshabilitar-cookies<\/p>\n<p>Safari: https:\/\/support.apple.com\/es-es\/HT201265<\/p>\n<p>Microsoft Edge: https:\/\/support.microsoft.com\/es-es\/help\/4027947<\/p>\n<p>5. Transferencias internacionales de datos<\/p>\n<p>En caso de utilizar servicios de terceros cuyos servidores se encuentren fuera del Espacio Econ\u00f3mico Europeo, dichas transferencias se realizar\u00e1n conforme a las garant\u00edas establecidas en la normativa vigente en materia de protecci\u00f3n de datos.<\/p>\n<p>6. Actualizaci\u00f3n de la pol\u00edtica de cookies<\/p>\n<p>La presente Pol\u00edtica de Cookies puede actualizarse en funci\u00f3n de exigencias legales o t\u00e9cnicas, o con la finalidad de adaptarla a las instrucciones dictadas por las autoridades de control.<\/p>\n<p>Se recomienda al usuario revisar esta pol\u00edtica peri\u00f3dicamente.<\/p>\n<p>7. M\u00e1s informaci\u00f3n<\/p>\n<p>Para m\u00e1s informaci\u00f3n sobre el tratamiento de datos personales, el usuario puede consultar la Pol\u00edtica de Privacidad disponible en este sitio web.[\/vc_column_text][\/vc_column][\/vc_row][vc_row thb_divider_position=\u00bbbottom\u00bb][vc_column][\/vc_column][\/vc_row]\n<\/div>","protected":false},"excerpt":{"rendered":"<p>[vc_row thb_full_width=\u00bbtrue\u00bb thb_divider_position=\u00bbbottom\u00bb css=\u00bb.vc_custom_1764609582303{margin-top: 150px !important;padding-top: 160px !important;padding-bottom: 160px !important;background-image: url(http:\/\/meuskills.eu\/wp-content\/uploads\/2020\/02\/contacto-scaled-e1580735537530.jpg?id=1301) !important;background-position: center !important;background-repeat: no-repeat !important;background-size: cover !important;}\u00bb thb_video_overlay_color=\u00bbrgba(10,10,10,0.8)\u00bb bg_gradient1=\u00bbrgba(0,0,0,0.81)\u00bb bg_gradient2=\u00bbrgba(0,0,0,0.48)\u00bb][vc_column][vc_column_text css=\u00bb\u00bb] POL\u00cdTICA DE COOKIES [\/vc_column_text][\/vc_column][\/vc_row][vc_row thb_divider_position=\u00bbbottom\u00bb el_class=\u00bbalign-center\u00bb css=\u00bb.vc_custom_1474474645883{padding-top: 10vh !important;padding-bottom: 10vh !important;}\u00bb][vc_column offset=\u00bbvc_col-lg-10 vc_col-md-12&#8243;][vc_column_text css=\u00bb\u00bb]1. \u00bfQu\u00e9 son las cookies? Las cookies son peque\u00f1os archivos de texto que se almacenan en el dispositivo del usuario&hellip;<\/p>\n","protected":false},"author":1,"featured_media":0,"parent":0,"menu_order":0,"comment_status":"closed","ping_status":"closed","template":"","meta":[],"yoast_head":"<!-- This site is optimized with the Yoast SEO plugin v17.8 - https:\/\/yoast.com\/wordpress\/plugins\/seo\/ -->\n<title>Pol\u00edtica de cookies - MarkEUtSkills<\/title>\n<meta name=\"robots\" content=\"index, follow, max-snippet:-1, max-image-preview:large, max-video-preview:-1\" \/>\n<link rel=\"canonical\" href=\"https:\/\/meuskills.eu\/?page_id=5752\" \/>\n<meta property=\"og:locale\" content=\"es_ES\" \/>\n<meta property=\"og:type\" content=\"article\" \/>\n<meta property=\"og:title\" content=\"Pol\u00edtica de cookies - MarkEUtSkills\" \/>\n<meta property=\"og:description\" content=\"[vc_row thb_full_width=\u00bbtrue\u00bb thb_divider_position=\u00bbbottom\u00bb css=\u00bb.vc_custom_1764609582303{margin-top: 150px !important;padding-top: 160px !important;padding-bottom: 160px !important;background-image: url(http:\/\/meuskills.eu\/wp-content\/uploads\/2020\/02\/contacto-scaled-e1580735537530.jpg?id=1301) !important;background-position: center !important;background-repeat: no-repeat !important;background-size: cover !important;}\u00bb thb_video_overlay_color=\u00bbrgba(10,10,10,0.8)\u00bb bg_gradient1=\u00bbrgba(0,0,0,0.81)\u00bb bg_gradient2=\u00bbrgba(0,0,0,0.48)\u00bb][vc_column][vc_column_text css=\u00bb\u00bb] POL\u00cdTICA DE COOKIES [\/vc_column_text][\/vc_column][\/vc_row][vc_row thb_divider_position=\u00bbbottom\u00bb el_class=\u00bbalign-center\u00bb css=\u00bb.vc_custom_1474474645883{padding-top: 10vh !important;padding-bottom: 10vh !important;}\u00bb][vc_column offset=\u00bbvc_col-lg-10 vc_col-md-12&#8243;][vc_column_text css=\u00bb\u00bb]1. \u00bfQu\u00e9 son las cookies? Las cookies son peque\u00f1os archivos de texto que se almacenan en el dispositivo del usuario&hellip;\" \/>\n<meta property=\"og:url\" content=\"https:\/\/meuskills.eu\/?page_id=5752\" \/>\n<meta property=\"og:site_name\" content=\"MarkEUtSkills\" \/>\n<meta property=\"article:modified_time\" content=\"2026-02-07T09:01:46+00:00\" \/>\n<meta name=\"twitter:card\" content=\"summary_large_image\" \/>\n<meta name=\"twitter:label1\" content=\"Tiempo de lectura\" \/>\n\t<meta name=\"twitter:data1\" content=\"3 minutos\" \/>\n<script type=\"application\/ld+json\" class=\"yoast-schema-graph\">{\"@context\":\"https:\/\/schema.org\",\"@graph\":[{\"@type\":\"WebSite\",\"@id\":\"https:\/\/meuskills.eu\/#website\",\"url\":\"https:\/\/meuskills.eu\/\",\"name\":\"MarkEUtSkills\",\"description\":\"MEUS es una organizaci\\u00f3n destinada a mejorar las competencias de las personas en su entorno, tanto a nivel profesional como privado. Se centra en el desarrollo de las habilidades de los individuos en cada etapa de su vida, fomentando una econom\\u00eda sostenible.\",\"potentialAction\":[{\"@type\":\"SearchAction\",\"target\":{\"@type\":\"EntryPoint\",\"urlTemplate\":\"https:\/\/meuskills.eu\/?s={search_term_string}\"},\"query-input\":\"required name=search_term_string\"}],\"inLanguage\":\"es\"},{\"@type\":\"WebPage\",\"@id\":\"https:\/\/meuskills.eu\/?page_id=5752#webpage\",\"url\":\"https:\/\/meuskills.eu\/?page_id=5752\",\"name\":\"Pol\\u00edtica de cookies - MarkEUtSkills\",\"isPartOf\":{\"@id\":\"https:\/\/meuskills.eu\/#website\"},\"datePublished\":\"2025-12-18T12:06:07+00:00\",\"dateModified\":\"2026-02-07T09:01:46+00:00\",\"breadcrumb\":{\"@id\":\"https:\/\/meuskills.eu\/?page_id=5752#breadcrumb\"},\"inLanguage\":\"es\",\"potentialAction\":[{\"@type\":\"ReadAction\",\"target\":[\"https:\/\/meuskills.eu\/?page_id=5752\"]}]},{\"@type\":\"BreadcrumbList\",\"@id\":\"https:\/\/meuskills.eu\/?page_id=5752#breadcrumb\",\"itemListElement\":[{\"@type\":\"ListItem\",\"position\":1,\"name\":\"Portada\",\"item\":\"https:\/\/meuskills.eu\/\"},{\"@type\":\"ListItem\",\"position\":2,\"name\":\"Pol\\u00edtica de cookies\"}]}]}<\/script>\n<!-- \/ Yoast SEO plugin. -->","yoast_head_json":{"title":"Pol\u00edtica de cookies - MarkEUtSkills","robots":{"index":"index","follow":"follow","max-snippet":"max-snippet:-1","max-image-preview":"max-image-preview:large","max-video-preview":"max-video-preview:-1"},"canonical":"https:\/\/meuskills.eu\/?page_id=5752","og_locale":"es_ES","og_type":"article","og_title":"Pol\u00edtica de cookies - MarkEUtSkills","og_description":"[vc_row thb_full_width=\u00bbtrue\u00bb thb_divider_position=\u00bbbottom\u00bb css=\u00bb.vc_custom_1764609582303{margin-top: 150px !important;padding-top: 160px !important;padding-bottom: 160px !important;background-image: url(http:\/\/meuskills.eu\/wp-content\/uploads\/2020\/02\/contacto-scaled-e1580735537530.jpg?id=1301) !important;background-position: center !important;background-repeat: no-repeat !important;background-size: cover !important;}\u00bb thb_video_overlay_color=\u00bbrgba(10,10,10,0.8)\u00bb bg_gradient1=\u00bbrgba(0,0,0,0.81)\u00bb bg_gradient2=\u00bbrgba(0,0,0,0.48)\u00bb][vc_column][vc_column_text css=\u00bb\u00bb] POL\u00cdTICA DE COOKIES [\/vc_column_text][\/vc_column][\/vc_row][vc_row thb_divider_position=\u00bbbottom\u00bb el_class=\u00bbalign-center\u00bb css=\u00bb.vc_custom_1474474645883{padding-top: 10vh !important;padding-bottom: 10vh !important;}\u00bb][vc_column offset=\u00bbvc_col-lg-10 vc_col-md-12&#8243;][vc_column_text css=\u00bb\u00bb]1. \u00bfQu\u00e9 son las cookies? Las cookies son peque\u00f1os archivos de texto que se almacenan en el dispositivo del usuario&hellip;","og_url":"https:\/\/meuskills.eu\/?page_id=5752","og_site_name":"MarkEUtSkills","article_modified_time":"2026-02-07T09:01:46+00:00","twitter_card":"summary_large_image","twitter_misc":{"Tiempo de lectura":"3 minutos"},"schema":{"@context":"https:\/\/schema.org","@graph":[{"@type":"WebSite","@id":"https:\/\/meuskills.eu\/#website","url":"https:\/\/meuskills.eu\/","name":"MarkEUtSkills","description":"MEUS es una organizaci\u00f3n destinada a mejorar las competencias de las personas en su entorno, tanto a nivel profesional como privado. Se centra en el desarrollo de las habilidades de los individuos en cada etapa de su vida, fomentando una econom\u00eda sostenible.","potentialAction":[{"@type":"SearchAction","target":{"@type":"EntryPoint","urlTemplate":"https:\/\/meuskills.eu\/?s={search_term_string}"},"query-input":"required name=search_term_string"}],"inLanguage":"es"},{"@type":"WebPage","@id":"https:\/\/meuskills.eu\/?page_id=5752#webpage","url":"https:\/\/meuskills.eu\/?page_id=5752","name":"Pol\u00edtica de cookies - MarkEUtSkills","isPartOf":{"@id":"https:\/\/meuskills.eu\/#website"},"datePublished":"2025-12-18T12:06:07+00:00","dateModified":"2026-02-07T09:01:46+00:00","breadcrumb":{"@id":"https:\/\/meuskills.eu\/?page_id=5752#breadcrumb"},"inLanguage":"es","potentialAction":[{"@type":"ReadAction","target":["https:\/\/meuskills.eu\/?page_id=5752"]}]},{"@type":"BreadcrumbList","@id":"https:\/\/meuskills.eu\/?page_id=5752#breadcrumb","itemListElement":[{"@type":"ListItem","position":1,"name":"Portada","item":"https:\/\/meuskills.eu\/"},{"@type":"ListItem","position":2,"name":"Pol\u00edtica de cookies"}]}]}},"_links":{"self":[{"href":"https:\/\/meuskills.eu\/index.php?rest_route=\/wp\/v2\/pages\/5752"}],"collection":[{"href":"https:\/\/meuskills.eu\/index.php?rest_route=\/wp\/v2\/pages"}],"about":[{"href":"https:\/\/meuskills.eu\/index.php?rest_route=\/wp\/v2\/types\/page"}],"author":[{"embeddable":true,"href":"https:\/\/meuskills.eu\/index.php?rest_route=\/wp\/v2\/users\/1"}],"replies":[{"embeddable":true,"href":"https:\/\/meuskills.eu\/index.php?rest_route=%2Fwp%2Fv2%2Fcomments&post=5752"}],"version-history":[{"count":4,"href":"https:\/\/meuskills.eu\/index.php?rest_route=\/wp\/v2\/pages\/5752\/revisions"}],"predecessor-version":[{"id":6114,"href":"https:\/\/meuskills.eu\/index.php?rest_route=\/wp\/v2\/pages\/5752\/revisions\/6114"}],"wp:attachment":[{"href":"https:\/\/meuskills.eu\/index.php?rest_route=%2Fwp%2Fv2%2Fmedia&parent=5752"}],"curies":[{"name":"wp","href":"https:\/\/api.w.org\/{rel}","templated":true}]}}